{"id":126,"date":"2024-05-22T16:28:37","date_gmt":"2024-05-22T16:28:37","guid":{"rendered":"https:\/\/hessooil.pl\/strona-glowna\/"},"modified":"2024-09-05T11:16:42","modified_gmt":"2024-09-05T11:16:42","slug":"home","status":"publish","type":"page","link":"https:\/\/hessooil.pl\/en\/","title":{"rendered":"Home"},"content":{"rendered":"","protected":false},"excerpt":{"rendered":"","protected":false},"author":2,"featured_media":79,"parent":0,"menu_order":0,"comment_status":"closed","ping_status":"closed","template":"","meta":{"_acf_changed":false,"inline_featured_image":false,"footnotes":""},"class_list":["post-126","page","type-page","status-publish","has-post-thumbnail","hentry"],"acf":[],"yoast_head":"<!-- This site is optimized with the Yoast SEO plugin v27.5 - https:\/\/yoast.com\/product\/yoast-seo-wordpress\/ -->\n<title>Hesso Oil - Nap\u0119dzamy Twoj\u0105 Firm\u0119<\/title>\n<meta name=\"description\" content=\"HessoOil to lider w hurtowej sprzeda\u017cy paliw i autoryzowany dealer oleju opa\u0142owego w Polsce. Oferujemy PB95, ON B7, ON B0, ON IZ oraz olej\" \/>\n<meta name=\"robots\" content=\"index, follow, max-snippet:-1, max-image-preview:large, max-video-preview:-1\" \/>\n<link rel=\"canonical\" href=\"https:\/\/hessooil.pl\/en\/\" \/>\n<meta property=\"og:locale\" content=\"en_US\" \/>\n<meta property=\"og:type\" content=\"article\" \/>\n<meta property=\"og:title\" content=\"Hesso Oil - Nap\u0119dzamy Twoj\u0105 Firm\u0119\" \/>\n<meta property=\"og:description\" content=\"HessoOil to lider w hurtowej sprzeda\u017cy paliw i autoryzowany dealer oleju opa\u0142owego w Polsce. Oferujemy PB95, ON B7, ON B0, ON IZ oraz olej\" \/>\n<meta property=\"og:url\" content=\"https:\/\/hessooil.pl\/en\/\" \/>\n<meta property=\"og:site_name\" content=\"Hesso Oil - Nap\u0119dzamy Twoj\u0105 Firm\u0119\" \/>\n<meta property=\"article:modified_time\" content=\"2024-09-05T11:16:42+00:00\" \/>\n<meta property=\"og:image\" content=\"https:\/\/hessooil.pl\/wp-content\/uploads\/2024\/07\/5-tirow.png\" \/>\n\t<meta property=\"og:image:width\" content=\"1920\" \/>\n\t<meta property=\"og:image:height\" content=\"846\" \/>\n\t<meta property=\"og:image:type\" content=\"image\/png\" \/>\n<meta name=\"twitter:card\" content=\"summary_large_image\" \/>\n<meta name=\"twitter:label1\" content=\"Est. reading time\" \/>\n\t<meta name=\"twitter:data1\" content=\"1 minute\" \/>\n<script type=\"application\/ld+json\" class=\"yoast-schema-graph\">{\"@context\":\"https:\\\/\\\/schema.org\",\"@graph\":[{\"@type\":\"WebPage\",\"@id\":\"https:\\\/\\\/hessooil.pl\\\/en\\\/\",\"url\":\"https:\\\/\\\/hessooil.pl\\\/en\\\/\",\"name\":\"Hesso Oil - Nap\u0119dzamy Twoj\u0105 Firm\u0119\",\"isPartOf\":{\"@id\":\"https:\\\/\\\/hessooil.pl\\\/en\\\/#website\"},\"primaryImageOfPage\":{\"@id\":\"https:\\\/\\\/hessooil.pl\\\/en\\\/#primaryimage\"},\"image\":{\"@id\":\"https:\\\/\\\/hessooil.pl\\\/en\\\/#primaryimage\"},\"thumbnailUrl\":\"https:\\\/\\\/hessooil.pl\\\/wp-content\\\/uploads\\\/2024\\\/07\\\/5-tirow.png\",\"datePublished\":\"2024-05-22T16:28:37+00:00\",\"dateModified\":\"2024-09-05T11:16:42+00:00\",\"description\":\"HessoOil to lider w hurtowej sprzeda\u017cy paliw i autoryzowany dealer oleju opa\u0142owego w Polsce. Oferujemy PB95, ON B7, ON B0, ON IZ oraz olej\",\"breadcrumb\":{\"@id\":\"https:\\\/\\\/hessooil.pl\\\/en\\\/#breadcrumb\"},\"inLanguage\":\"en-US\",\"potentialAction\":[{\"@type\":\"ReadAction\",\"target\":[\"https:\\\/\\\/hessooil.pl\\\/en\\\/\"]}]},{\"@type\":\"ImageObject\",\"inLanguage\":\"en-US\",\"@id\":\"https:\\\/\\\/hessooil.pl\\\/en\\\/#primaryimage\",\"url\":\"https:\\\/\\\/hessooil.pl\\\/wp-content\\\/uploads\\\/2024\\\/07\\\/5-tirow.png\",\"contentUrl\":\"https:\\\/\\\/hessooil.pl\\\/wp-content\\\/uploads\\\/2024\\\/07\\\/5-tirow.png\",\"width\":1920,\"height\":846},{\"@type\":\"BreadcrumbList\",\"@id\":\"https:\\\/\\\/hessooil.pl\\\/en\\\/#breadcrumb\",\"itemListElement\":[{\"@type\":\"ListItem\",\"position\":1,\"name\":\"Home\",\"item\":\"https:\\\/\\\/hessooil.pl\\\/en\\\/\"},{\"@type\":\"ListItem\",\"position\":2,\"name\":\"Home\"}]},{\"@type\":\"WebSite\",\"@id\":\"https:\\\/\\\/hessooil.pl\\\/en\\\/#website\",\"url\":\"https:\\\/\\\/hessooil.pl\\\/en\\\/\",\"name\":\"Hesso Oil - Nap\u0119dzamy Twoj\u0105 Firm\u0119\",\"description\":\"Nap\u0119dzamy Twoj\u0105 firm\u0119\",\"publisher\":{\"@id\":\"https:\\\/\\\/hessooil.pl\\\/en\\\/#organization\"},\"alternateName\":\"Hurtowa Sprzeda\u017c Paliw\",\"potentialAction\":[{\"@type\":\"SearchAction\",\"target\":{\"@type\":\"EntryPoint\",\"urlTemplate\":\"https:\\\/\\\/hessooil.pl\\\/en\\\/?s={search_term_string}\"},\"query-input\":{\"@type\":\"PropertyValueSpecification\",\"valueRequired\":true,\"valueName\":\"search_term_string\"}}],\"inLanguage\":\"en-US\"},{\"@type\":\"Organization\",\"@id\":\"https:\\\/\\\/hessooil.pl\\\/en\\\/#organization\",\"name\":\"Hesso Oil - Nap\u0119dzamy Twoj\u0105 Firm\u0119\",\"url\":\"https:\\\/\\\/hessooil.pl\\\/en\\\/\",\"logo\":{\"@type\":\"ImageObject\",\"inLanguage\":\"en-US\",\"@id\":\"https:\\\/\\\/hessooil.pl\\\/en\\\/#\\\/schema\\\/logo\\\/image\\\/\",\"url\":\"https:\\\/\\\/hessooil.pl\\\/wp-content\\\/uploads\\\/2024\\\/06\\\/HESSO.png\",\"contentUrl\":\"https:\\\/\\\/hessooil.pl\\\/wp-content\\\/uploads\\\/2024\\\/06\\\/HESSO.png\",\"width\":418,\"height\":62,\"caption\":\"Hesso Oil - Nap\u0119dzamy Twoj\u0105 Firm\u0119\"},\"image\":{\"@id\":\"https:\\\/\\\/hessooil.pl\\\/en\\\/#\\\/schema\\\/logo\\\/image\\\/\"}}]}<\/script>\n<!-- \/ Yoast SEO plugin. -->","yoast_head_json":{"title":"Hesso Oil - Nap\u0119dzamy Twoj\u0105 Firm\u0119","description":"HessoOil to lider w hurtowej sprzeda\u017cy paliw i autoryzowany dealer oleju opa\u0142owego w Polsce. Oferujemy PB95, ON B7, ON B0, ON IZ oraz olej","robots":{"index":"index","follow":"follow","max-snippet":"max-snippet:-1","max-image-preview":"max-image-preview:large","max-video-preview":"max-video-preview:-1"},"canonical":"https:\/\/hessooil.pl\/en\/","og_locale":"en_US","og_type":"article","og_title":"Hesso Oil - Nap\u0119dzamy Twoj\u0105 Firm\u0119","og_description":"HessoOil to lider w hurtowej sprzeda\u017cy paliw i autoryzowany dealer oleju opa\u0142owego w Polsce. Oferujemy PB95, ON B7, ON B0, ON IZ oraz olej","og_url":"https:\/\/hessooil.pl\/en\/","og_site_name":"Hesso Oil - Nap\u0119dzamy Twoj\u0105 Firm\u0119","article_modified_time":"2024-09-05T11:16:42+00:00","og_image":[{"width":1920,"height":846,"url":"https:\/\/hessooil.pl\/wp-content\/uploads\/2024\/07\/5-tirow.png","type":"image\/png"}],"twitter_card":"summary_large_image","twitter_misc":{"Est. reading time":"1 minute"},"schema":{"@context":"https:\/\/schema.org","@graph":[{"@type":"WebPage","@id":"https:\/\/hessooil.pl\/en\/","url":"https:\/\/hessooil.pl\/en\/","name":"Hesso Oil - Nap\u0119dzamy Twoj\u0105 Firm\u0119","isPartOf":{"@id":"https:\/\/hessooil.pl\/en\/#website"},"primaryImageOfPage":{"@id":"https:\/\/hessooil.pl\/en\/#primaryimage"},"image":{"@id":"https:\/\/hessooil.pl\/en\/#primaryimage"},"thumbnailUrl":"https:\/\/hessooil.pl\/wp-content\/uploads\/2024\/07\/5-tirow.png","datePublished":"2024-05-22T16:28:37+00:00","dateModified":"2024-09-05T11:16:42+00:00","description":"HessoOil to lider w hurtowej sprzeda\u017cy paliw i autoryzowany dealer oleju opa\u0142owego w Polsce. Oferujemy PB95, ON B7, ON B0, ON IZ oraz olej","breadcrumb":{"@id":"https:\/\/hessooil.pl\/en\/#breadcrumb"},"inLanguage":"en-US","potentialAction":[{"@type":"ReadAction","target":["https:\/\/hessooil.pl\/en\/"]}]},{"@type":"ImageObject","inLanguage":"en-US","@id":"https:\/\/hessooil.pl\/en\/#primaryimage","url":"https:\/\/hessooil.pl\/wp-content\/uploads\/2024\/07\/5-tirow.png","contentUrl":"https:\/\/hessooil.pl\/wp-content\/uploads\/2024\/07\/5-tirow.png","width":1920,"height":846},{"@type":"BreadcrumbList","@id":"https:\/\/hessooil.pl\/en\/#breadcrumb","itemListElement":[{"@type":"ListItem","position":1,"name":"Home","item":"https:\/\/hessooil.pl\/en\/"},{"@type":"ListItem","position":2,"name":"Home"}]},{"@type":"WebSite","@id":"https:\/\/hessooil.pl\/en\/#website","url":"https:\/\/hessooil.pl\/en\/","name":"Hesso Oil - Nap\u0119dzamy Twoj\u0105 Firm\u0119","description":"Nap\u0119dzamy Twoj\u0105 firm\u0119","publisher":{"@id":"https:\/\/hessooil.pl\/en\/#organization"},"alternateName":"Hurtowa Sprzeda\u017c Paliw","potentialAction":[{"@type":"SearchAction","target":{"@type":"EntryPoint","urlTemplate":"https:\/\/hessooil.pl\/en\/?s={search_term_string}"},"query-input":{"@type":"PropertyValueSpecification","valueRequired":true,"valueName":"search_term_string"}}],"inLanguage":"en-US"},{"@type":"Organization","@id":"https:\/\/hessooil.pl\/en\/#organization","name":"Hesso Oil - Nap\u0119dzamy Twoj\u0105 Firm\u0119","url":"https:\/\/hessooil.pl\/en\/","logo":{"@type":"ImageObject","inLanguage":"en-US","@id":"https:\/\/hessooil.pl\/en\/#\/schema\/logo\/image\/","url":"https:\/\/hessooil.pl\/wp-content\/uploads\/2024\/06\/HESSO.png","contentUrl":"https:\/\/hessooil.pl\/wp-content\/uploads\/2024\/06\/HESSO.png","width":418,"height":62,"caption":"Hesso Oil - Nap\u0119dzamy Twoj\u0105 Firm\u0119"},"image":{"@id":"https:\/\/hessooil.pl\/en\/#\/schema\/logo\/image\/"}}]}},"_links":{"self":[{"href":"https:\/\/hessooil.pl\/en\/wp-json\/wp\/v2\/pages\/126","targetHints":{"allow":["GET"]}}],"collection":[{"href":"https:\/\/hessooil.pl\/en\/wp-json\/wp\/v2\/pages"}],"about":[{"href":"https:\/\/hessooil.pl\/en\/wp-json\/wp\/v2\/types\/page"}],"author":[{"embeddable":true,"href":"https:\/\/hessooil.pl\/en\/wp-json\/wp\/v2\/users\/2"}],"replies":[{"embeddable":true,"href":"https:\/\/hessooil.pl\/en\/wp-json\/wp\/v2\/comments?post=126"}],"version-history":[{"count":5,"href":"https:\/\/hessooil.pl\/en\/wp-json\/wp\/v2\/pages\/126\/revisions"}],"predecessor-version":[{"id":546,"href":"https:\/\/hessooil.pl\/en\/wp-json\/wp\/v2\/pages\/126\/revisions\/546"}],"wp:featuredmedia":[{"embeddable":true,"href":"https:\/\/hessooil.pl\/en\/wp-json\/wp\/v2\/media\/79"}],"wp:attachment":[{"href":"https:\/\/hessooil.pl\/en\/wp-json\/wp\/v2\/media?parent=126"}],"curies":[{"name":"wp","href":"https:\/\/api.w.org\/{rel}","templated":true}]}}